{"id":13844,"date":"2022-08-31T11:08:56","date_gmt":"2022-08-31T09:08:56","guid":{"rendered":"https:\/\/www.daxium.com\/formulario-contacto\/"},"modified":"2024-06-10T09:08:23","modified_gmt":"2024-06-10T07:08:23","slug":"formulario-contacto","status":"publish","type":"page","link":"https:\/\/www.daxium.com\/es\/formulario-contacto\/","title":{"rendered":"Formulario &#8211; Contacto"},"content":{"rendered":"<p>[et_pb_section fb_built=\u00bb1&#8243; _builder_version=\u00bb4.24.2&#8243; _module_preset=\u00bbdefault\u00bb background_enable_color=\u00bboff\u00bb background_enable_image=\u00bboff\u00bb parallax=\u00bbon\u00bb overflow-x=\u00bbhidden\u00bb overflow-y=\u00bbhidden\u00bb custom_margin=\u00bb||0px||false|false\u00bb custom_padding=\u00bb120px||40px||false|false\u00bb custom_css_main_element=\u00bb||position: relative;||display: flex;||justify-content:center;||align-items: center;||flex-direction: column;||gap:0;\u00bb custom_css_after=\u00bbcontent:%22%22;||    display: block;||    position: absolute;||    top: 0;||    left: 0;||    width: 100%;||    height: 100%;||    background-color: rgba(31, 41, 93);||    z-index: 1;\u00bb da_disable_devices=\u00bboff|off|off\u00bb global_colors_info=\u00bb{}\u00bb da_is_popup=\u00bboff\u00bb da_exit_intent=\u00bboff\u00bb da_has_close=\u00bbon\u00bb da_alt_close=\u00bboff\u00bb da_dark_close=\u00bboff\u00bb da_not_modal=\u00bbon\u00bb da_is_singular=\u00bboff\u00bb da_with_loader=\u00bboff\u00bb da_has_shadow=\u00bbon\u00bb][et_pb_row module_class=\u00bbu-l-fullheight\u00bb _builder_version=\u00bb4.16&#8243; _module_preset=\u00bbdefault\u00bb width=\u00bb90%\u00bb max_width=\u00bb3000px\u00bb height=\u00bb100%\u00bb custom_margin=\u00bb0px||0px||false|false\u00bb custom_padding=\u00bb0px||0px||false|false\u00bb custom_css_main_element=\u00bbdisplay: flex;||align-items: center;\u00bb global_colors_info=\u00bb{}\u00bb][et_pb_column type=\u00bb4_4&#8243; _builder_version=\u00bb4.16&#8243; _module_preset=\u00bbdefault\u00bb global_colors_info=\u00bb{}\u00bb][et_pb_text _builder_version=\u00bb4.16&#8243; _module_preset=\u00bb776e53a1-c9d9-45f7-92d3-24f7c47baf39&#8243; header_font=\u00bbMontserrat|600|||||||\u00bb header_text_align=\u00bbcenter\u00bb header_font_size=\u00bb42px\u00bb header_line_height=\u00bb1.45em\u00bb custom_padding=\u00bb0px||0px||false|false\u00bb global_colors_info=\u00bb{}\u00bb]<\/p>\n<h1>Cont\u00e1ctenos<\/h1>\n<p>[\/et_pb_text][et_pb_text _builder_version=\u00bb4.16&#8243; _module_preset=\u00bb776e53a1-c9d9-45f7-92d3-24f7c47baf39&#8243; text_text_color=\u00bb#FFFFFF\u00bb text_font_size=\u00bb18px\u00bb header_font=\u00bbMontserrat|600|||||||\u00bb text_orientation=\u00bbcenter\u00bb width=\u00bb80%\u00bb max_width=\u00bb1200px\u00bb module_alignment=\u00bbcenter\u00bb global_colors_info=\u00bb{}\u00bb]<\/p>\n<p>\u00bfNecesita informaci\u00f3n, tiene una solicitud espec\u00edfica, desea convertirse en distribuidor de la soluci\u00f3n Daxium-Air? Encontremosnos.<\/p>\n<p>[\/et_pb_text][\/et_pb_column][\/et_pb_row][\/et_pb_section][et_pb_section fb_built=\u00bb1&#8243; _builder_version=\u00bb4.16&#8243; _module_preset=\u00bbdefault\u00bb da_disable_devices=\u00bboff|off|off\u00bb global_colors_info=\u00bb{}\u00bb da_is_popup=\u00bboff\u00bb da_exit_intent=\u00bboff\u00bb da_has_close=\u00bbon\u00bb da_alt_close=\u00bboff\u00bb da_dark_close=\u00bboff\u00bb da_not_modal=\u00bbon\u00bb da_is_singular=\u00bboff\u00bb da_with_loader=\u00bboff\u00bb da_has_shadow=\u00bbon\u00bb][et_pb_row column_structure=\u00bb2_5,3_5&#8243; module_class=\u00bbl-row l-row&#8211;reverse\u00bb _builder_version=\u00bb4.16&#8243; _module_preset=\u00bbdefault\u00bb width=\u00bb85%\u00bb max_width=\u00bb1500px\u00bb custom_margin=\u00bb||||false|false\u00bb custom_padding=\u00bb0px||||false|false\u00bb global_colors_info=\u00bb{}\u00bb][et_pb_column type=\u00bb2_5&#8243; _builder_version=\u00bb4.16&#8243; _module_preset=\u00bbdefault\u00bb global_colors_info=\u00bb{}\u00bb][et_pb_text _builder_version=\u00bb4.16&#8243; _module_preset=\u00bb776e53a1-c9d9-45f7-92d3-24f7c47baf39&#8243; global_colors_info=\u00bb{}\u00bb]<\/p>\n<h2>Daxium-Air&#8230;<\/h2>\n<p>[\/et_pb_text][et_pb_text _builder_version=\u00bb4.16&#8243; _module_preset=\u00bb776e53a1-c9d9-45f7-92d3-24f7c47baf39&#8243; global_colors_info=\u00bb{}\u00bb]<\/p>\n<p>Descubra nuestra <strong>soluci\u00f3n no-code<\/strong> para crear sus <strong>aplicaciones m\u00f3viles empresariales<\/strong>.<\/p>\n<p>[\/et_pb_text][dsm_icon_list list_space_between=\u00bb16px\u00bb _builder_version=\u00bb4.16&#8243; _module_preset=\u00bbdefault\u00bb custom_margin=\u00bb30px||18px||false|false\u00bb global_colors_info=\u00bb{}\u00bb][dsm_icon_list_child text=\u00bb+33 (0)1 76 21 02 61&#8243; font_icon=\u00bb&#xe090;||divi||400&#8243; icon_color=\u00bb#FFFFFF\u00bb icon_background_color=\u00bb#1F295D\u00bb icon_padding=\u00bb8px\u00bb icon_font_size=\u00bb16px\u00bb _builder_version=\u00bb4.16&#8243; _module_preset=\u00bb37133072-1258-4a2e-8a9c-959c8a70c7be\u00bb text_font=\u00bbMontserrat|500|||||||\u00bb text_text_color=\u00bb#1F295D\u00bb text_font_size=\u00bb18px\u00bb background_enable_color=\u00bboff\u00bb border_radii_icon=\u00bbon|50px|50px|50px|50px\u00bb global_colors_info=\u00bb{}\u00bb][\/dsm_icon_list_child][dsm_icon_list_child text=\u00bb#ParisNantesDubai\u00bb font_icon=\u00bb&#xe074;||divi||400&#8243; icon_color=\u00bb#FFFFFF\u00bb icon_background_color=\u00bb#1F295D\u00bb icon_padding=\u00bb8px\u00bb icon_font_size=\u00bb16px\u00bb _builder_version=\u00bb4.16&#8243; _module_preset=\u00bb37133072-1258-4a2e-8a9c-959c8a70c7be\u00bb text_font=\u00bbMontserrat|500|||||||\u00bb text_text_color=\u00bb#1F295D\u00bb text_font_size=\u00bb18px\u00bb background_enable_color=\u00bboff\u00bb border_radii_icon=\u00bbon|50px|50px|50px|50px\u00bb border_color_all_icon=\u00bb#FFFFFF\u00bb global_colors_info=\u00bb{}\u00bb][\/dsm_icon_list_child][dsm_icon_list_child text=\u00bbcontact@daxium.com\u00bb font_icon=\u00bb&#xe076;||divi||400&#8243; icon_color=\u00bb#FFFFFF\u00bb icon_background_color=\u00bb#1F295D\u00bb icon_padding=\u00bb8px\u00bb icon_font_size=\u00bb16px\u00bb _builder_version=\u00bb4.16&#8243; _module_preset=\u00bb37133072-1258-4a2e-8a9c-959c8a70c7be\u00bb text_font=\u00bbMontserrat|500|||||||\u00bb text_text_color=\u00bb#1F295D\u00bb text_font_size=\u00bb18px\u00bb background_enable_color=\u00bboff\u00bb border_radii_icon=\u00bbon|50px|50px|50px|50px\u00bb global_colors_info=\u00bb{}\u00bb][\/dsm_icon_list_child][\/dsm_icon_list][\/et_pb_column][et_pb_column type=\u00bb3_5&#8243; _builder_version=\u00bb4.16&#8243; _module_preset=\u00bbdefault\u00bb global_colors_info=\u00bb{}\u00bb][et_pb_text _builder_version=\u00bb4.16&#8243; _module_preset=\u00bb776e53a1-c9d9-45f7-92d3-24f7c47baf39&#8243; global_colors_info=\u00bb{}\u00bb]<\/p>\n<h2>Cont\u00e1ctenos para m\u00e1s <span class=\"u-text--secondary\">informaci\u00f3n<\/span>:<\/h2>\n<p>[\/et_pb_text][et_pb_text _builder_version=\u00bb4.16&#8243; _module_preset=\u00bb776e53a1-c9d9-45f7-92d3-24f7c47baf39&#8243; global_colors_info=\u00bb{}\u00bb]D\u00e9jenos sus datos de contacto, un experto de Daxium se pondr\u00e1 en contacto con usted a la mayor brevedad.[\/et_pb_text][et_pb_code _builder_version=\u00bb4.24.2&#8243; _module_preset=\u00bbdefault\u00bb custom_margin=\u00bb||48px||false|false\u00bb hover_enabled=\u00bb0&#8243; global_colors_info=\u00bb{}\u00bb sticky_enabled=\u00bb0&#8243;]<\/p>\n<form id=\"foss-6666a5bcd59cbc226df888ba\"><\/form>\n<p><script async src='https:\/\/api.plezi.co\/api\/v1\/web_forms\/scripts?tenant_id=5f0722d9f4208777babb07ee&#038;form_id=5f0722dbf4208777babb0894&#038;form_version=3&#038;content_web_form_id=6666a5bcd59cbc226df888ba&#038;plz_lang=es'><\/script><!-- [et_pb_line_break_holder] --><!-- [et_pb_line_break_holder] --><\/p>\n<style><!-- [et_pb_line_break_holder] -->\t*[id^=\"foss-\"] > * {<!-- [et_pb_line_break_holder] -->  \t\tdisplay: grid!important;<!-- [et_pb_line_break_holder] -->    \tgrid-template-columns: repeat(2,1fr);<!-- [et_pb_line_break_holder] -->      column-gap: 18px;<!-- [et_pb_line_break_holder] -->  }<!-- [et_pb_line_break_holder] -->\t*[id^=\"foss-\"] > * > *:nth-child(1),<!-- [et_pb_line_break_holder] -->\t*[id^=\"foss-\"] > * > *:nth-child(6),<!-- [et_pb_line_break_holder] -->\t*[id^=\"foss-\"] > * > *:nth-child(7),<!-- [et_pb_line_break_holder] -->\t*[id^=\"foss-\"] > * > *:nth-child(8),<!-- [et_pb_line_break_holder] -->\t*[id^=\"foss-\"] > * > *:nth-child(9)  {<!-- [et_pb_line_break_holder] -->    grid-column: span 2;<!-- [et_pb_line_break_holder] -->  }<!-- [et_pb_line_break_holder] -->  <!-- [et_pb_line_break_holder] -->  <!-- [et_pb_line_break_holder] --><\/style>\n<p><!-- [et_pb_line_break_holder] -->[\/et_pb_code][\/et_pb_column][\/et_pb_row][\/et_pb_section]<\/p>\n","protected":false},"excerpt":{"rendered":"<p>Cont\u00e1ctenos\u00bfNecesita informaci\u00f3n, tiene una solicitud espec\u00edfica, desea convertirse en distribuidor de la soluci\u00f3n Daxium-Air? Encontremosnos.Daxium-Air&#8230;Descubra nuestra soluci\u00f3n no-code para crear sus aplicaciones m\u00f3viles empresariales.<div class=\"et_pb_module dsm_icon_list dsm_icon_list_0\">\n\t\t\t\t\n\t\t\t\t\n\t\t\t\t\n\t\t\t\t\n\t\t\t\t\n\t\t\t\t\n\t\t\t\t<div class=\"et_pb_module_inner\">\n\t\t\t\t\t<ul class=\"dsm_icon_list_items dsm_icon_list_ltr_direction dsm_icon_list_layout_vertical\"><\/ul>\n\t\t\t\t<\/div>\n\t\t\t<\/div><li class=\"dsm_icon_list_child dsm_icon_list_child_0\">\n\t\t\t\t\n\t\t\t\t\n\t\t\t\t\n\t\t\t\t\n\t\t\t\t<span class=\"dsm_icon_list_wrapper\"><span class=\"dsm_icon_list_icon\">\ue090<\/span><\/span><span class=\"dsm_icon_list_text\">+33 (0)1 76 21 02 61<\/span>\n\t\t\t<\/li><li class=\"dsm_icon_list_child dsm_icon_list_child_1\">\n\t\t\t\t\n\t\t\t\t\n\t\t\t\t\n\t\t\t\t\n\t\t\t\t<span class=\"dsm_icon_list_wrapper\"><span class=\"dsm_icon_list_icon\"><\/span><\/span><span class=\"dsm_icon_list_text\">\u00bb#ParisNantesDubai\u00bb<\/span>\n\t\t\t<\/li><\/p>\n","protected":false},"author":4,"featured_media":0,"parent":0,"menu_order":0,"comment_status":"closed","ping_status":"closed","template":"","meta":{"_et_pb_use_builder":"on","_et_pb_old_content":"","_et_gb_content_width":"","inline_featured_image":false,"footnotes":""},"class_list":["post-13844","page","type-page","status-publish","hentry"],"yoast_head":"<!-- This site is optimized with the Yoast SEO plugin v27.4 - https:\/\/yoast.com\/product\/yoast-seo-wordpress\/ -->\n<title>Formulario de solicitud de contacto | Daxium<\/title>\n<meta name=\"description\" content=\"\u00bfDesea descubrir la soluci\u00f3n Daxium-Air? Deje sus datos de contacto, un asesor se comunicar\u00e1 con usted lo antes posible.\" \/>\n<meta name=\"robots\" content=\"index, follow, max-snippet:-1, max-image-preview:large, max-video-preview:-1\" \/>\n<link rel=\"canonical\" href=\"https:\/\/www.daxium.com\/es\/formulario-contacto\/\" \/>\n<meta property=\"og:locale\" content=\"es_ES\" \/>\n<meta property=\"og:type\" content=\"article\" \/>\n<meta property=\"og:title\" content=\"Formulario de solicitud de contacto | Daxium\" \/>\n<meta property=\"og:description\" content=\"\u00bfDesea descubrir la soluci\u00f3n Daxium-Air? Deje sus datos de contacto, un asesor se comunicar\u00e1 con usted lo antes posible.\" \/>\n<meta property=\"og:url\" content=\"https:\/\/www.daxium.com\/es\/formulario-contacto\/\" \/>\n<meta property=\"og:site_name\" content=\"Daxium\" \/>\n<meta property=\"article:modified_time\" content=\"2024-06-10T07:08:23+00:00\" \/>\n<meta name=\"twitter:card\" content=\"summary_large_image\" \/>\n<meta name=\"twitter:label1\" content=\"Tiempo de lectura\" \/>\n\t<meta name=\"twitter:data1\" content=\"1 minuto\" \/>\n<script type=\"application\/ld+json\" class=\"yoast-schema-graph\">{\"@context\":\"https:\\\/\\\/schema.org\",\"@graph\":[{\"@type\":\"WebPage\",\"@id\":\"https:\\\/\\\/www.daxium.com\\\/es\\\/formulario-contacto\\\/\",\"url\":\"https:\\\/\\\/www.daxium.com\\\/es\\\/formulario-contacto\\\/\",\"name\":\"Formulario de solicitud de contacto | Daxium\",\"isPartOf\":{\"@id\":\"https:\\\/\\\/www.daxium.com\\\/es\\\/#website\"},\"datePublished\":\"2022-08-31T09:08:56+00:00\",\"dateModified\":\"2024-06-10T07:08:23+00:00\",\"description\":\"\u00bfDesea descubrir la soluci\u00f3n Daxium-Air? Deje sus datos de contacto, un asesor se comunicar\u00e1 con usted lo antes posible.\",\"breadcrumb\":{\"@id\":\"https:\\\/\\\/www.daxium.com\\\/es\\\/formulario-contacto\\\/#breadcrumb\"},\"inLanguage\":\"es\",\"potentialAction\":[{\"@type\":\"ReadAction\",\"target\":[\"https:\\\/\\\/www.daxium.com\\\/es\\\/formulario-contacto\\\/\"]}]},{\"@type\":\"BreadcrumbList\",\"@id\":\"https:\\\/\\\/www.daxium.com\\\/es\\\/formulario-contacto\\\/#breadcrumb\",\"itemListElement\":[{\"@type\":\"ListItem\",\"position\":1,\"name\":\"Accueil\",\"item\":\"https:\\\/\\\/www.daxium.com\\\/es\\\/\"},{\"@type\":\"ListItem\",\"position\":2,\"name\":\"Formulario &#8211; Contacto\"}]},{\"@type\":\"WebSite\",\"@id\":\"https:\\\/\\\/www.daxium.com\\\/es\\\/#website\",\"url\":\"https:\\\/\\\/www.daxium.com\\\/es\\\/\",\"name\":\"Daxium\",\"description\":\"\",\"potentialAction\":[{\"@type\":\"SearchAction\",\"target\":{\"@type\":\"EntryPoint\",\"urlTemplate\":\"https:\\\/\\\/www.daxium.com\\\/es\\\/?s={search_term_string}\"},\"query-input\":{\"@type\":\"PropertyValueSpecification\",\"valueRequired\":true,\"valueName\":\"search_term_string\"}}],\"inLanguage\":\"es\"}]}<\/script>\n<!-- \/ Yoast SEO plugin. -->","yoast_head_json":{"title":"Formulario de solicitud de contacto | Daxium","description":"\u00bfDesea descubrir la soluci\u00f3n Daxium-Air? Deje sus datos de contacto, un asesor se comunicar\u00e1 con usted lo antes posible.","robots":{"index":"index","follow":"follow","max-snippet":"max-snippet:-1","max-image-preview":"max-image-preview:large","max-video-preview":"max-video-preview:-1"},"canonical":"https:\/\/www.daxium.com\/es\/formulario-contacto\/","og_locale":"es_ES","og_type":"article","og_title":"Formulario de solicitud de contacto | Daxium","og_description":"\u00bfDesea descubrir la soluci\u00f3n Daxium-Air? Deje sus datos de contacto, un asesor se comunicar\u00e1 con usted lo antes posible.","og_url":"https:\/\/www.daxium.com\/es\/formulario-contacto\/","og_site_name":"Daxium","article_modified_time":"2024-06-10T07:08:23+00:00","twitter_card":"summary_large_image","twitter_misc":{"Tiempo de lectura":"1 minuto"},"schema":{"@context":"https:\/\/schema.org","@graph":[{"@type":"WebPage","@id":"https:\/\/www.daxium.com\/es\/formulario-contacto\/","url":"https:\/\/www.daxium.com\/es\/formulario-contacto\/","name":"Formulario de solicitud de contacto | Daxium","isPartOf":{"@id":"https:\/\/www.daxium.com\/es\/#website"},"datePublished":"2022-08-31T09:08:56+00:00","dateModified":"2024-06-10T07:08:23+00:00","description":"\u00bfDesea descubrir la soluci\u00f3n Daxium-Air? Deje sus datos de contacto, un asesor se comunicar\u00e1 con usted lo antes posible.","breadcrumb":{"@id":"https:\/\/www.daxium.com\/es\/formulario-contacto\/#breadcrumb"},"inLanguage":"es","potentialAction":[{"@type":"ReadAction","target":["https:\/\/www.daxium.com\/es\/formulario-contacto\/"]}]},{"@type":"BreadcrumbList","@id":"https:\/\/www.daxium.com\/es\/formulario-contacto\/#breadcrumb","itemListElement":[{"@type":"ListItem","position":1,"name":"Accueil","item":"https:\/\/www.daxium.com\/es\/"},{"@type":"ListItem","position":2,"name":"Formulario &#8211; Contacto"}]},{"@type":"WebSite","@id":"https:\/\/www.daxium.com\/es\/#website","url":"https:\/\/www.daxium.com\/es\/","name":"Daxium","description":"","potentialAction":[{"@type":"SearchAction","target":{"@type":"EntryPoint","urlTemplate":"https:\/\/www.daxium.com\/es\/?s={search_term_string}"},"query-input":{"@type":"PropertyValueSpecification","valueRequired":true,"valueName":"search_term_string"}}],"inLanguage":"es"}]}},"_links":{"self":[{"href":"https:\/\/www.daxium.com\/es\/wp-json\/wp\/v2\/pages\/13844","targetHints":{"allow":["GET"]}}],"collection":[{"href":"https:\/\/www.daxium.com\/es\/wp-json\/wp\/v2\/pages"}],"about":[{"href":"https:\/\/www.daxium.com\/es\/wp-json\/wp\/v2\/types\/page"}],"author":[{"embeddable":true,"href":"https:\/\/www.daxium.com\/es\/wp-json\/wp\/v2\/users\/4"}],"replies":[{"embeddable":true,"href":"https:\/\/www.daxium.com\/es\/wp-json\/wp\/v2\/comments?post=13844"}],"version-history":[{"count":10,"href":"https:\/\/www.daxium.com\/es\/wp-json\/wp\/v2\/pages\/13844\/revisions"}],"predecessor-version":[{"id":15491,"href":"https:\/\/www.daxium.com\/es\/wp-json\/wp\/v2\/pages\/13844\/revisions\/15491"}],"wp:attachment":[{"href":"https:\/\/www.daxium.com\/es\/wp-json\/wp\/v2\/media?parent=13844"}],"curies":[{"name":"wp","href":"https:\/\/api.w.org\/{rel}","templated":true}]}}